{"id":54,"date":"2025-05-24T12:02:23","date_gmt":"2025-05-24T10:02:23","guid":{"rendered":"https:\/\/antonio-gentile-rare-books.com\/?page_id=54"},"modified":"2026-02-20T14:14:02","modified_gmt":"2026-02-20T13:14:02","slug":"boutique","status":"publish","type":"page","link":"https:\/\/antonio-gentile-rare-books.com\/index.php\/boutique\/","title":{"rendered":"Boutique"},"content":{"rendered":"\n<div class=\"wp-block-cover alignfull has-parallax\" style=\"margin-top:0;margin-bottom:0;padding-top:0;padding-right:0;padding-bottom:0;padding-left:0;min-height:100vh;aspect-ratio:unset;\"><div class=\"wp-block-cover__image-background wp-image-35 size-large has-parallax\" style=\"background-position:50% 50%;background-image:url(https:\/\/antonio-gentile-rare-books.com\/wp-content\/uploads\/2025\/05\/boutique-banner-1024x683.jpg)\"><\/div><span aria-hidden=\"true\" class=\"wp-block-cover__background has-primary-background-color has-background-dim-70 has-background-dim\"><\/span><div class=\"wp-block-cover__inner-container has-global-padding is-layout-constrained wp-container-core-cover-is-layout-72d38984 wp-block-cover-is-layout-constrained\">\n<h1 class=\"wp-block-heading alignfull has-text-align-center\">Boutique<\/h1>\n\n\n\n<hr class=\"wp-block-separator has-text-color has-alpha-channel-opacity has-background is-style-default\" style=\"margin-top:var(--wp--preset--spacing--x-small);margin-bottom:var(--wp--preset--spacing--x-small);background-color:#ffffff47;color:#ffffff47\"\/>\n<\/div><\/div>\n\n\n\n<div style=\"height:57px\" aria-hidden=\"true\" class=\"wp-block-spacer\"><\/div>\n\n\n\n<div class=\"wp-block-group is-layout-flow wp-block-group-is-layout-flow\">\n<p class=\"has-text-align-center\">Pour toute demande, question ou intention de passer une commande, veuillez s&rsquo;il vous pla\u00eet me contacter, soit via le formulaire disponible sur la page de contact, accessible par le menu, soit par t\u00e9l\u00e9phone. <\/p>\n<\/div>\n\n\n\n<div class=\"wp-block-group has-global-padding is-layout-constrained wp-block-group-is-layout-constrained\"><ul class=\"wp-block-latest-posts__list is-grid columns-2 wp-block-latest-posts\"><li><div class=\"wp-block-latest-posts__featured-image alignleft\"><a href=\"https:\/\/antonio-gentile-rare-books.com\/index.php\/2026\/02\/16\/mission-proust-peugeot-raid-alger-dakar-1931\/\" aria-label=\"MISSION PROUST \u2013 PEUGEOT. RAID ALGER-DAKAR. 1931.\"><img fetchpriority=\"high\" decoding=\"async\" width=\"300\" height=\"218\" src=\"https:\/\/antonio-gentile-rare-books.com\/wp-content\/uploads\/2026\/02\/20250513_092959-300x218.jpg\" class=\"attachment-medium size-medium wp-post-image\" alt=\"\" style=\"max-width:210px;max-height:225px;\" srcset=\"https:\/\/antonio-gentile-rare-books.com\/wp-content\/uploads\/2026\/02\/20250513_092959-300x218.jpg 300w, https:\/\/antonio-gentile-rare-books.com\/wp-content\/uploads\/2026\/02\/20250513_092959-1024x742.jpg 1024w, https:\/\/antonio-gentile-rare-books.com\/wp-content\/uploads\/2026\/02\/20250513_092959-2000x1450.jpg 2000w, https:\/\/antonio-gentile-rare-books.com\/wp-content\/uploads\/2026\/02\/20250513_092959-scaled-1536x1114.jpg 1536w, https:\/\/antonio-gentile-rare-books.com\/wp-content\/uploads\/2026\/02\/20250513_092959-scaled-2048x1485.jpg 2048w, https:\/\/antonio-gentile-rare-books.com\/wp-content\/uploads\/2026\/02\/20250513_092959-scaled-600x435.jpg 600w, https:\/\/antonio-gentile-rare-books.com\/wp-content\/uploads\/2026\/02\/20250513_092959-scaled-1200x870.jpg 1200w\" sizes=\"100vw\" \/><\/a><\/div><a class=\"wp-block-latest-posts__post-title\" href=\"https:\/\/antonio-gentile-rare-books.com\/index.php\/2026\/02\/16\/mission-proust-peugeot-raid-alger-dakar-1931\/\">MISSION PROUST \u2013 PEUGEOT. RAID ALGER-DAKAR. 1931.<\/a><div class=\"wp-block-latest-posts__post-excerpt\">176 photographies de Campagne et Vall\u00e9e, photographes de la Mission, contrecoll\u00e9es sur 44 pagescartonn\u00e9es. Album in-folio oblong en demi-toile bleu &hellip; <p class=\"link-more\"><a href=\"https:\/\/antonio-gentile-rare-books.com\/index.php\/2026\/02\/16\/mission-proust-peugeot-raid-alger-dakar-1931\/\" class=\"more-link\">Lire la suite de<span class=\"screen-reader-text\">\u00ab\u00a0MISSION PROUST \u2013 PEUGEOT. RAID ALGER-DAKAR. 1931.\u00a0\u00bb<\/span><\/a><\/p><\/div><\/li>\n<li><div class=\"wp-block-latest-posts__featured-image alignleft\"><a href=\"https:\/\/antonio-gentile-rare-books.com\/index.php\/2025\/07\/02\/descourtilz-jean-theodore-1796-1855\/\" aria-label=\"DESCOURTILZ Jean-Th\u00e9odore (1796-1855).\"><img decoding=\"async\" width=\"212\" height=\"300\" src=\"https:\/\/antonio-gentile-rare-books.com\/wp-content\/uploads\/2025\/07\/image-11-212x300.png\" class=\"attachment-medium size-medium wp-post-image\" alt=\"\" style=\"max-width:210px;max-height:225px;\" srcset=\"https:\/\/antonio-gentile-rare-books.com\/wp-content\/uploads\/2025\/07\/image-11-212x300.png 212w, https:\/\/antonio-gentile-rare-books.com\/wp-content\/uploads\/2025\/07\/image-11.png 415w\" sizes=\"100vw\" \/><\/a><\/div><a class=\"wp-block-latest-posts__post-title\" href=\"https:\/\/antonio-gentile-rare-books.com\/index.php\/2025\/07\/02\/descourtilz-jean-theodore-1796-1855\/\">DESCOURTILZ Jean-Th\u00e9odore (1796-1855).<\/a><div class=\"wp-block-latest-posts__post-excerpt\">Ornithologie br\u00e9silienne ou Histoire des oiseaux du Br\u00e9sil. Rio de Janeiro, Thomas Reeves, 1852-1856. Planches en chromolithographie rehauss\u00e9es \u00e0 la &hellip; <p class=\"link-more\"><a href=\"https:\/\/antonio-gentile-rare-books.com\/index.php\/2025\/07\/02\/descourtilz-jean-theodore-1796-1855\/\" class=\"more-link\">Lire la suite de<span class=\"screen-reader-text\">\u00ab\u00a0DESCOURTILZ Jean-Th\u00e9odore (1796-1855).\u00a0\u00bb<\/span><\/a><\/p><\/div><\/li>\n<li><div class=\"wp-block-latest-posts__featured-image alignleft\"><a href=\"https:\/\/antonio-gentile-rare-books.com\/index.php\/2025\/07\/02\/hoola-van-nooten-berthe\/\" aria-label=\"HOOLA VAN NOOTEN Berthe.\"><img decoding=\"async\" width=\"220\" height=\"300\" src=\"https:\/\/antonio-gentile-rare-books.com\/wp-content\/uploads\/2025\/07\/image-3-220x300.png\" class=\"attachment-medium size-medium wp-post-image\" alt=\"\" style=\"max-width:210px;max-height:225px;\" srcset=\"https:\/\/antonio-gentile-rare-books.com\/wp-content\/uploads\/2025\/07\/image-3-220x300.png 220w, https:\/\/antonio-gentile-rare-books.com\/wp-content\/uploads\/2025\/07\/image-3.png 403w\" sizes=\"100vw\" \/><\/a><\/div><a class=\"wp-block-latest-posts__post-title\" href=\"https:\/\/antonio-gentile-rare-books.com\/index.php\/2025\/07\/02\/hoola-van-nooten-berthe\/\">HOOLA VAN NOOTEN Berthe.<\/a><div class=\"wp-block-latest-posts__post-excerpt\">Fleurs, fruits et feuillages choisis de la flore et de la pomone de l&rsquo;ile de Java. Peints d&rsquo;apr\u00e8snature. Ouvrage d\u00e9di\u00e9 &hellip; <p class=\"link-more\"><a href=\"https:\/\/antonio-gentile-rare-books.com\/index.php\/2025\/07\/02\/hoola-van-nooten-berthe\/\" class=\"more-link\">Lire la suite de<span class=\"screen-reader-text\">\u00ab\u00a0HOOLA VAN NOOTEN Berthe.\u00a0\u00bb<\/span><\/a><\/p><\/div><\/li>\n<li><div class=\"wp-block-latest-posts__featured-image alignleft\"><a href=\"https:\/\/antonio-gentile-rare-books.com\/index.php\/2025\/07\/02\/costa-achille-1823-1898\/\" aria-label=\"COSTA Achille (1823-1898)\"><img loading=\"lazy\" decoding=\"async\" width=\"218\" height=\"300\" src=\"https:\/\/antonio-gentile-rare-books.com\/wp-content\/uploads\/2025\/07\/image-1-218x300.png\" class=\"attachment-medium size-medium wp-post-image\" alt=\"\" style=\"max-width:210px;max-height:225px;\" srcset=\"https:\/\/antonio-gentile-rare-books.com\/wp-content\/uploads\/2025\/07\/image-1-218x300.png 218w, https:\/\/antonio-gentile-rare-books.com\/wp-content\/uploads\/2025\/07\/image-1.png 591w\" sizes=\"100vw\" \/><\/a><\/div><a class=\"wp-block-latest-posts__post-title\" href=\"https:\/\/antonio-gentile-rare-books.com\/index.php\/2025\/07\/02\/costa-achille-1823-1898\/\">COSTA Achille (1823-1898)<\/a><div class=\"wp-block-latest-posts__post-excerpt\">Cimicum Regni Neapolitani Centuriae. Centuria prima. Centuria secunda p. I. Centuria secunda p. II.Centuria tertia et quartae fragmentum. Additamenta ad &hellip; <p class=\"link-more\"><a href=\"https:\/\/antonio-gentile-rare-books.com\/index.php\/2025\/07\/02\/costa-achille-1823-1898\/\" class=\"more-link\">Lire la suite de<span class=\"screen-reader-text\">\u00ab\u00a0COSTA Achille (1823-1898)\u00a0\u00bb<\/span><\/a><\/p><\/div><\/li>\n<li><div class=\"wp-block-latest-posts__featured-image alignleft\"><a href=\"https:\/\/antonio-gentile-rare-books.com\/index.php\/2025\/07\/02\/zurlauben-beat-fidele-baron-de-1720-1799\/\" aria-label=\"ZURLAUBEN B\u00e9at-Fid\u00e8le Baron de. (1720-1799)\"><img loading=\"lazy\" decoding=\"async\" width=\"300\" height=\"183\" src=\"https:\/\/antonio-gentile-rare-books.com\/wp-content\/uploads\/2025\/07\/image-300x183.png\" class=\"attachment-medium size-medium wp-post-image\" alt=\"\" style=\"max-width:210px;max-height:225px;\" srcset=\"https:\/\/antonio-gentile-rare-books.com\/wp-content\/uploads\/2025\/07\/image-300x183.png 300w, https:\/\/antonio-gentile-rare-books.com\/wp-content\/uploads\/2025\/07\/image-600x365.png 600w, https:\/\/antonio-gentile-rare-books.com\/wp-content\/uploads\/2025\/07\/image.png 705w\" sizes=\"100vw\" \/><\/a><\/div><a class=\"wp-block-latest-posts__post-title\" href=\"https:\/\/antonio-gentile-rare-books.com\/index.php\/2025\/07\/02\/zurlauben-beat-fidele-baron-de-1720-1799\/\">ZURLAUBEN B\u00e9at-Fid\u00e8le Baron de. (1720-1799)<\/a><div class=\"wp-block-latest-posts__post-excerpt\">Histoire militaire des Suisses au service de la France. Paris, Desaint &amp; Saillant- Herissant &#8211; Vincent,1751-1753 8 vols. in-12\u00b0 veau &hellip; <p class=\"link-more\"><a href=\"https:\/\/antonio-gentile-rare-books.com\/index.php\/2025\/07\/02\/zurlauben-beat-fidele-baron-de-1720-1799\/\" class=\"more-link\">Lire la suite de<span class=\"screen-reader-text\">\u00ab\u00a0ZURLAUBEN B\u00e9at-Fid\u00e8le Baron de. (1720-1799)\u00a0\u00bb<\/span><\/a><\/p><\/div><\/li>\n<li><div class=\"wp-block-latest-posts__featured-image alignleft\"><a href=\"https:\/\/antonio-gentile-rare-books.com\/index.php\/2025\/06\/24\/santini-giuseppe-s-xvi-xvii\/\" aria-label=\"SANTINI Giuseppe. (s.XVI-XVII)\"><img loading=\"lazy\" decoding=\"async\" width=\"217\" height=\"300\" src=\"https:\/\/antonio-gentile-rare-books.com\/wp-content\/uploads\/2025\/06\/image-7-217x300.png\" class=\"attachment-medium size-medium wp-post-image\" alt=\"\" style=\"max-width:210px;max-height:225px;\" srcset=\"https:\/\/antonio-gentile-rare-books.com\/wp-content\/uploads\/2025\/06\/image-7-217x300.png 217w, https:\/\/antonio-gentile-rare-books.com\/wp-content\/uploads\/2025\/06\/image-7.png 387w\" sizes=\"100vw\" \/><\/a><\/div><a class=\"wp-block-latest-posts__post-title\" href=\"https:\/\/antonio-gentile-rare-books.com\/index.php\/2025\/06\/24\/santini-giuseppe-s-xvi-xvii\/\">SANTINI Giuseppe. (s.XVI-XVII)<\/a><div class=\"wp-block-latest-posts__post-excerpt\">Ricettario medicinale speciale al Corallo. Utilissimo a medici e speciali. Con un pieno trattato intornoalla cognitione del provedere, eleggere, conseruare, &hellip; <p class=\"link-more\"><a href=\"https:\/\/antonio-gentile-rare-books.com\/index.php\/2025\/06\/24\/santini-giuseppe-s-xvi-xvii\/\" class=\"more-link\">Lire la suite de<span class=\"screen-reader-text\">\u00ab\u00a0SANTINI Giuseppe. (s.XVI-XVII)\u00a0\u00bb<\/span><\/a><\/p><\/div><\/li>\n<li><div class=\"wp-block-latest-posts__featured-image alignleft\"><a href=\"https:\/\/antonio-gentile-rare-books.com\/index.php\/2025\/05\/29\/bartholin-thomas-bartholin-erasme\/\" aria-label=\"BARTHOLIN Thomas. BARTHOLIN Erasme.\"><img loading=\"lazy\" decoding=\"async\" width=\"251\" height=\"300\" src=\"https:\/\/antonio-gentile-rare-books.com\/wp-content\/uploads\/2025\/05\/image-1-251x300.png\" class=\"attachment-medium size-medium wp-post-image\" alt=\"\" style=\"max-width:210px;max-height:225px;\" srcset=\"https:\/\/antonio-gentile-rare-books.com\/wp-content\/uploads\/2025\/05\/image-1-251x300.png 251w, https:\/\/antonio-gentile-rare-books.com\/wp-content\/uploads\/2025\/05\/image-1.png 398w\" sizes=\"100vw\" \/><\/a><\/div><a class=\"wp-block-latest-posts__post-title\" href=\"https:\/\/antonio-gentile-rare-books.com\/index.php\/2025\/05\/29\/bartholin-thomas-bartholin-erasme\/\">BARTHOLIN Thomas. BARTHOLIN Erasme.<\/a><div class=\"wp-block-latest-posts__post-excerpt\">BARTHOLIN Thomas. Bartholin Erasme. De nivis usu medico observationes varia, accessit d. Erasmi Bartholini de Figura Nivis disseratio, cum opera &hellip; <p class=\"link-more\"><a href=\"https:\/\/antonio-gentile-rare-books.com\/index.php\/2025\/05\/29\/bartholin-thomas-bartholin-erasme\/\" class=\"more-link\">Lire la suite de<span class=\"screen-reader-text\">\u00ab\u00a0BARTHOLIN Thomas. BARTHOLIN Erasme.\u00a0\u00bb<\/span><\/a><\/p><\/div><\/li>\n<\/ul><\/div>\n\n\n\n<div style=\"height:100px\" aria-hidden=\"true\" class=\"wp-block-spacer\"><\/div>\n","protected":false},"excerpt":{"rendered":"<p>Pour toute demande, question ou intention de passer une commande, veuillez s&rsquo;il vous pla\u00eet me contacter, soit via le formulaire disponible sur la page de contact, accessible par le menu, soit par t\u00e9l\u00e9phone.<\/p>\n","protected":false},"author":1,"featured_media":35,"parent":0,"menu_order":0,"comment_status":"closed","ping_status":"closed","template":"page-templates\/full-width-transparent.php","meta":{"footnotes":""},"class_list":["post-54","page","type-page","status-publish","has-post-thumbnail","hentry"],"featured_media_urls":{"thumbnail":["https:\/\/antonio-gentile-rare-books.com\/wp-content\/uploads\/2025\/05\/boutique-banner-150x150.jpg",150,150,true],"medium":["https:\/\/antonio-gentile-rare-books.com\/wp-content\/uploads\/2025\/05\/boutique-banner-300x200.jpg",300,200,true],"medium_large":["https:\/\/antonio-gentile-rare-books.com\/wp-content\/uploads\/2025\/05\/boutique-banner.jpg",768,512,false],"large":["https:\/\/antonio-gentile-rare-books.com\/wp-content\/uploads\/2025\/05\/boutique-banner-1024x683.jpg",950,634,true],"1536x1536":["https:\/\/antonio-gentile-rare-books.com\/wp-content\/uploads\/2025\/05\/boutique-banner-1536x1024.jpg",1536,1024,true],"2048x2048":["https:\/\/antonio-gentile-rare-books.com\/wp-content\/uploads\/2025\/05\/boutique-banner-2048x1365.jpg",2048,1365,true],"inspiro-featured-image":["https:\/\/antonio-gentile-rare-books.com\/wp-content\/uploads\/2025\/05\/boutique-banner-2000x1333.jpg",2000,1333,true],"inspiro-loop":["https:\/\/antonio-gentile-rare-books.com\/wp-content\/uploads\/2025\/05\/boutique-banner-950x320.jpg",950,320,true],"inspiro-loop@2x":["https:\/\/antonio-gentile-rare-books.com\/wp-content\/uploads\/2025\/05\/boutique-banner-1900x640.jpg",1900,640,true],"portfolio_item-thumbnail":["https:\/\/antonio-gentile-rare-books.com\/wp-content\/uploads\/2025\/05\/boutique-banner-600x400.jpg",600,400,true],"portfolio_item-thumbnail@2x":["https:\/\/antonio-gentile-rare-books.com\/wp-content\/uploads\/2025\/05\/boutique-banner-1200x800.jpg",1200,800,true],"portfolio_item-masonry":["https:\/\/antonio-gentile-rare-books.com\/wp-content\/uploads\/2025\/05\/boutique-banner-600x400.jpg",600,400,true],"portfolio_item-masonry@2x":["https:\/\/antonio-gentile-rare-books.com\/wp-content\/uploads\/2025\/05\/boutique-banner-1200x800.jpg",1200,800,true],"portfolio_item-thumbnail_cinema":["https:\/\/antonio-gentile-rare-books.com\/wp-content\/uploads\/2025\/05\/boutique-banner-800x335.jpg",800,335,true],"portfolio_item-thumbnail_portrait":["https:\/\/antonio-gentile-rare-books.com\/wp-content\/uploads\/2025\/05\/boutique-banner-600x900.jpg",600,900,true],"portfolio_item-thumbnail_portrait@2x":["https:\/\/antonio-gentile-rare-books.com\/wp-content\/uploads\/2025\/05\/boutique-banner-1200x1600.jpg",1200,1600,true],"portfolio_item-thumbnail_square":["https:\/\/antonio-gentile-rare-books.com\/wp-content\/uploads\/2025\/05\/boutique-banner-800x800.jpg",800,800,true]},"_links":{"self":[{"href":"https:\/\/antonio-gentile-rare-books.com\/index.php\/wp-json\/wp\/v2\/pages\/54","targetHints":{"allow":["GET"]}}],"collection":[{"href":"https:\/\/antonio-gentile-rare-books.com\/index.php\/wp-json\/wp\/v2\/pages"}],"about":[{"href":"https:\/\/antonio-gentile-rare-books.com\/index.php\/wp-json\/wp\/v2\/types\/page"}],"author":[{"embeddable":true,"href":"https:\/\/antonio-gentile-rare-books.com\/index.php\/wp-json\/wp\/v2\/users\/1"}],"replies":[{"embeddable":true,"href":"https:\/\/antonio-gentile-rare-books.com\/index.php\/wp-json\/wp\/v2\/comments?post=54"}],"version-history":[{"count":7,"href":"https:\/\/antonio-gentile-rare-books.com\/index.php\/wp-json\/wp\/v2\/pages\/54\/revisions"}],"predecessor-version":[{"id":267,"href":"https:\/\/antonio-gentile-rare-books.com\/index.php\/wp-json\/wp\/v2\/pages\/54\/revisions\/267"}],"wp:featuredmedia":[{"embeddable":true,"href":"https:\/\/antonio-gentile-rare-books.com\/index.php\/wp-json\/wp\/v2\/media\/35"}],"wp:attachment":[{"href":"https:\/\/antonio-gentile-rare-books.com\/index.php\/wp-json\/wp\/v2\/media?parent=54"}],"curies":[{"name":"wp","href":"https:\/\/api.w.org\/{rel}","templated":true}]}}