{"id":27,"date":"2025-02-22T01:14:58","date_gmt":"2025-02-22T00:14:58","guid":{"rendered":"https:\/\/antonio-gentile-rare-books.com\/?page_id=27"},"modified":"2026-02-20T14:16:51","modified_gmt":"2026-02-20T13:16:51","slug":"homepage","status":"publish","type":"page","link":"https:\/\/antonio-gentile-rare-books.com\/","title":{"rendered":"Accueil"},"content":{"rendered":"\n<div class=\"wp-block-cover alignfull has-parallax\" style=\"min-height:100vh;aspect-ratio:unset;\"><div class=\"wp-block-cover__image-background wp-image-34 size-large has-parallax\" style=\"background-position:50% 50%;background-image:url(https:\/\/antonio-gentile-rare-books.com\/wp-content\/uploads\/2025\/05\/1-San-Giorgio-e-il-Drago-Paolo-Uccello-1024x579.jpg)\"><\/div><span aria-hidden=\"true\" class=\"wp-block-cover__background has-primary-background-color has-background-dim-60 has-background-dim\"><\/span><div class=\"wp-block-cover__inner-container has-global-padding is-layout-constrained wp-block-cover-is-layout-constrained\">\n<div class=\"wp-block-columns is-layout-flex wp-container-core-columns-is-layout-28f84493 wp-block-columns-is-layout-flex\">\n<div class=\"wp-block-column is-layout-flow wp-block-column-is-layout-flow\"><\/div>\n\n\n\n<div class=\"wp-block-column is-layout-flow wp-block-column-is-layout-flow\">\n<h1 class=\"wp-block-heading has-text-align-center has-white-color has-text-color has-link-color wp-elements-b836711cf72b173a6adaad4f0939ebda\">ANTONIO GENTILE<br>RARE BOOKS<\/h1>\n<\/div>\n\n\n\n<div class=\"wp-block-column is-layout-flow wp-block-column-is-layout-flow\"><\/div>\n<\/div>\n\n\n\n<figure class=\"wp-block-image aligncenter size-large is-resized\"><img fetchpriority=\"high\" decoding=\"async\" width=\"1024\" height=\"616\" src=\"https:\/\/antonio-gentile-rare-books.com\/wp-content\/uploads\/2025\/05\/logo-slam-1024x616.jpg\" alt=\"\" class=\"wp-image-43\" style=\"width:120px\" srcset=\"https:\/\/antonio-gentile-rare-books.com\/wp-content\/uploads\/2025\/05\/logo-slam-1024x616.jpg 1024w, https:\/\/antonio-gentile-rare-books.com\/wp-content\/uploads\/2025\/05\/logo-slam-300x181.jpg 300w, https:\/\/antonio-gentile-rare-books.com\/wp-content\/uploads\/2025\/05\/logo-slam.jpg 1080w\" sizes=\"(max-width: 1024px) 100vw, 1024px\" \/><\/figure>\n\n\n\n<figure class=\"wp-block-image aligncenter size-full is-resized\"><img decoding=\"async\" width=\"573\" height=\"573\" src=\"https:\/\/antonio-gentile-rare-books.com\/wp-content\/uploads\/2025\/05\/LILA.png\" alt=\"\" class=\"wp-image-41\" style=\"width:100px\" srcset=\"https:\/\/antonio-gentile-rare-books.com\/wp-content\/uploads\/2025\/05\/LILA.png 573w, https:\/\/antonio-gentile-rare-books.com\/wp-content\/uploads\/2025\/05\/LILA-300x300.png 300w, https:\/\/antonio-gentile-rare-books.com\/wp-content\/uploads\/2025\/05\/LILA-150x150.png 150w\" sizes=\"(max-width: 573px) 100vw, 573px\" \/><\/figure>\n\n\n\n<hr class=\"wp-block-separator has-text-color has-alpha-channel-opacity has-background is-style-default\" style=\"margin-top:var(--wp--preset--spacing--x-small);margin-bottom:var(--wp--preset--spacing--x-small);background-color:#ffffff47;color:#ffffff47\"\/>\n\n\n\n<div style=\"height:25px\" aria-hidden=\"true\" class=\"wp-block-spacer\"><\/div>\n<\/div><\/div>\n\n\n\n<div style=\"height:57px\" aria-hidden=\"true\" class=\"wp-block-spacer\"><\/div>\n\n\n\n<div class=\"wp-block-group alignfull pattern_multiple_covers has-background has-global-padding is-layout-constrained wp-block-group-is-layout-constrained\" id=\"services\" style=\"background-color:#f8f8f8\">\n<h2 class=\"wp-block-heading has-text-align-left\">Les derni\u00e8res nouveaut\u00e9s<\/h2>\n\n\n\n<div style=\"height:46px\" aria-hidden=\"true\" class=\"wp-block-spacer\"><\/div>\n\n\n\n<div class=\"wp-block-columns is-layout-flex wp-container-core-columns-is-layout-28f84493 wp-block-columns-is-layout-flex\">\n<div class=\"wp-block-column avantgout is-layout-flow wp-block-column-is-layout-flow\" style=\"padding-top:0;padding-right:0;padding-bottom:0;padding-left:0\">\n<div class=\"wp-block-cover has-custom-content-position is-position-bottom-left\" style=\"border-style:none;border-width:0px;padding-top:var(--wp--preset--spacing--small);padding-right:var(--wp--preset--spacing--x-small);padding-bottom:var(--wp--preset--spacing--small);padding-left:var(--wp--preset--spacing--x-small)\"><img decoding=\"async\" width=\"2560\" height=\"1856\" class=\"wp-block-cover__image-background wp-image-263 size-full\" alt=\"\" src=\"https:\/\/antonio-gentile-rare-books.com\/wp-content\/uploads\/2026\/02\/20250513_092959-1-scaled.jpg\" data-object-fit=\"cover\" srcset=\"https:\/\/antonio-gentile-rare-books.com\/wp-content\/uploads\/2026\/02\/20250513_092959-1-scaled.jpg 2560w, https:\/\/antonio-gentile-rare-books.com\/wp-content\/uploads\/2026\/02\/20250513_092959-1-300x218.jpg 300w, https:\/\/antonio-gentile-rare-books.com\/wp-content\/uploads\/2026\/02\/20250513_092959-1-1024x742.jpg 1024w, https:\/\/antonio-gentile-rare-books.com\/wp-content\/uploads\/2026\/02\/20250513_092959-1-2000x1450.jpg 2000w\" sizes=\"(max-width: 2560px) 100vw, 2560px\" \/><span aria-hidden=\"true\" class=\"wp-block-cover__background has-primary-background-color has-background-dim-10 has-background-dim\"><\/span><div class=\"wp-block-cover__inner-container is-layout-flow wp-block-cover-is-layout-flow\">\n<h3 class=\"wp-block-heading has-white-color has-text-color has-medium-font-size\" style=\"margin-top:0;margin-right:0;margin-bottom:0;margin-left:0\">MISSION PROUST \u2013 PEUGEOT. RAID ALGER-DAKAR. 1931.<\/h3>\n\n\n\n<p class=\"has-secondary-color has-text-color has-link-color wp-elements-ce26100ab61c75d30b781539f5fdb436\" style=\"margin-top:0;margin-right:0;margin-bottom:0;margin-left:0\"><a href=\"https:\/\/antonio-gentile-rare-books.com\/index.php\/2026\/02\/16\/mission-proust-peugeot-raid-alger-dakar-1931\/\" data-type=\"link\" data-id=\"https:\/\/antonio-gentile-rare-books.com\/index.php\/2026\/02\/16\/mission-proust-peugeot-raid-alger-dakar-1931\/\">En savoir plus<\/a><\/p>\n<\/div><\/div>\n<\/div>\n\n\n\n<div class=\"wp-block-column avantgout is-layout-flow wp-block-column-is-layout-flow\" style=\"padding-top:0;padding-right:0;padding-bottom:0;padding-left:0\">\n<div class=\"wp-block-cover is-light has-custom-content-position is-position-bottom-left\" style=\"padding-top:var(--wp--preset--spacing--small);padding-right:var(--wp--preset--spacing--x-small);padding-bottom:var(--wp--preset--spacing--small);padding-left:var(--wp--preset--spacing--x-small)\"><img loading=\"lazy\" decoding=\"async\" width=\"403\" height=\"550\" class=\"wp-block-cover__image-background wp-image-210 size-full\" alt=\"\" src=\"https:\/\/antonio-gentile-rare-books.com\/wp-content\/uploads\/2025\/07\/image-3.png\" data-object-fit=\"cover\" srcset=\"https:\/\/antonio-gentile-rare-books.com\/wp-content\/uploads\/2025\/07\/image-3.png 403w, https:\/\/antonio-gentile-rare-books.com\/wp-content\/uploads\/2025\/07\/image-3-220x300.png 220w\" sizes=\"(max-width: 403px) 100vw, 403px\" \/><span aria-hidden=\"true\" class=\"wp-block-cover__background has-primary-background-color has-background-dim-20 has-background-dim\"><\/span><div class=\"wp-block-cover__inner-container is-layout-flow wp-block-cover-is-layout-flow\">\n<h3 class=\"wp-block-heading has-white-color has-text-color has-medium-font-size\" style=\"margin-top:0;margin-right:0;margin-bottom:0;margin-left:0\">HOOLA VAN NOOTEN Berthe.<\/h3>\n\n\n\n<p class=\"has-secondary-color has-text-color has-link-color wp-elements-b02873d654b94b264561f41e72a2759b\" style=\"margin-top:0;margin-right:0;margin-bottom:0;margin-left:0\"><a href=\"#\"><\/a><a href=\"https:\/\/antonio-gentile-rare-books.com\/index.php\/2025\/07\/02\/hoola-van-nooten-berthe\/\" data-type=\"page\" data-id=\"105\">En savoir plus<\/a><\/p>\n<\/div><\/div>\n<\/div>\n\n\n\n<div class=\"wp-block-column avantgout is-layout-flow wp-block-column-is-layout-flow\" style=\"padding-top:0;padding-right:0;padding-bottom:0;padding-left:0\">\n<div class=\"wp-block-cover has-custom-content-position is-position-bottom-left\" style=\"padding-top:var(--wp--preset--spacing--small);padding-right:var(--wp--preset--spacing--x-small);padding-bottom:var(--wp--preset--spacing--small);padding-left:var(--wp--preset--spacing--x-small)\"><img loading=\"lazy\" decoding=\"async\" width=\"705\" height=\"429\" class=\"wp-block-cover__image-background wp-image-200 size-full\" alt=\"\" src=\"https:\/\/antonio-gentile-rare-books.com\/wp-content\/uploads\/2025\/07\/image.png\" data-object-fit=\"cover\" srcset=\"https:\/\/antonio-gentile-rare-books.com\/wp-content\/uploads\/2025\/07\/image.png 705w, https:\/\/antonio-gentile-rare-books.com\/wp-content\/uploads\/2025\/07\/image-300x183.png 300w, https:\/\/antonio-gentile-rare-books.com\/wp-content\/uploads\/2025\/07\/image-600x365.png 600w\" sizes=\"(max-width: 705px) 100vw, 705px\" \/><span aria-hidden=\"true\" class=\"wp-block-cover__background has-primary-background-color has-background-dim-20 has-background-dim\"><\/span><div class=\"wp-block-cover__inner-container is-layout-flow wp-block-cover-is-layout-flow\">\n<h3 class=\"wp-block-heading has-white-color has-text-color has-medium-font-size\" style=\"margin-top:0;margin-right:0;margin-bottom:0;margin-left:0\">ZURLAUBEN B\u00e9at-Fid\u00e8le Baron de. (1720-1799)<\/h3>\n\n\n\n<p class=\"has-secondary-color has-text-color has-link-color wp-elements-378260cfbb60501d76d92bb2af4c9ac0\" style=\"margin-top:0;margin-right:0;margin-bottom:0;margin-left:0\"><a href=\"#\"><\/a><a href=\"https:\/\/antonio-gentile-rare-books.com\/index.php\/2025\/07\/02\/zurlauben-beat-fidele-baron-de-1720-1799\/\" data-type=\"page\" data-id=\"105\">En savoir plus<\/a><\/p>\n<\/div><\/div>\n<\/div>\n<\/div>\n\n\n\n<div style=\"height:103px\" aria-hidden=\"true\" class=\"wp-block-spacer\"><\/div>\n<\/div>\n\n\n\n<div class=\"wp-block-group alignfull has-background has-global-padding is-layout-constrained wp-block-group-is-layout-constrained\" style=\"background-color:#f8f8f8\">\n<div style=\"height:var(--wp--preset--spacing--x-small)\" aria-hidden=\"true\" class=\"wp-block-spacer\"><\/div>\n\n\n\n<div class=\"wp-block-group has-global-padding is-layout-constrained wp-block-group-is-layout-constrained\" style=\"padding-top:var(--wp--preset--spacing--small);padding-bottom:var(--wp--preset--spacing--small)\">\n<div class=\"wp-block-columns are-vertically-aligned-center is-layout-flex wp-container-core-columns-is-layout-c375d253 wp-block-columns-is-layout-flex\">\n<div class=\"wp-block-column is-vertically-aligned-center is-layout-flow wp-block-column-is-layout-flow\">\n<figure class=\"wp-block-image size-full\"><img loading=\"lazy\" decoding=\"async\" width=\"640\" height=\"427\" src=\"https:\/\/antonio-gentile-rare-books.com\/wp-content\/uploads\/2025\/05\/mari-potter-Zh0mcQuw_EQ-unsplash.jpg\" alt=\"\" class=\"wp-image-44\" srcset=\"https:\/\/antonio-gentile-rare-books.com\/wp-content\/uploads\/2025\/05\/mari-potter-Zh0mcQuw_EQ-unsplash.jpg 640w, https:\/\/antonio-gentile-rare-books.com\/wp-content\/uploads\/2025\/05\/mari-potter-Zh0mcQuw_EQ-unsplash-300x200.jpg 300w, https:\/\/antonio-gentile-rare-books.com\/wp-content\/uploads\/2025\/05\/mari-potter-Zh0mcQuw_EQ-unsplash-600x400.jpg 600w\" sizes=\"(max-width: 640px) 100vw, 640px\" \/><\/figure>\n<\/div>\n\n\n\n<div class=\"wp-block-column is-vertically-aligned-center is-layout-flow wp-block-column-is-layout-flow\">\n<h2 class=\"wp-block-heading has-medium-font-size\" style=\"text-transform:uppercase\">Antonio gentile Livres anciens<\/h2>\n\n\n\n<p><\/p>\n\n\n\n<div class=\"wp-block-buttons is-layout-flex wp-block-buttons-is-layout-flex\">\n<div class=\"wp-block-button is-style-outline is-style-outline--1\"><a class=\"wp-block-button__link has-medium-font-size has-custom-font-size wp-element-button\" href=\"https:\/\/antonio-gentile-rare-books.com\/index.php\/contact\/\" style=\"border-radius:0px;font-style:normal;font-weight:600\">Contact<\/a><\/div>\n<\/div>\n<\/div>\n<\/div>\n<\/div>\n\n\n\n<div style=\"height:57px\" aria-hidden=\"true\" class=\"wp-block-spacer\"><\/div>\n<\/div>\n\n\n\n<div class=\"wp-block-group alignfull portfolio-dark has-background has-global-padding is-layout-constrained wp-block-group-is-layout-constrained\" id=\"portfolio\" style=\"background-color:#6f7302;margin-top:0px\">\n<div style=\"height:var(--wp--preset--spacing--large)\" aria-hidden=\"true\" class=\"wp-block-spacer\"><\/div>\n\n\n\n<div class=\"wp-block-buttons is-layout-flex wp-block-buttons-is-layout-flex\">\n<div class=\"wp-block-button is-style-outline is-style-outline--2\"><a class=\"wp-block-button__link has-text-color has-link-color has-medium-font-size has-custom-font-size wp-element-button\" href=\"https:\/\/antonio-gentile-rare-books.com\/index.php\/boutique\/\" style=\"color:#e0ca72\">La boutique<\/a><\/div>\n<\/div>\n\n\n\n<h2 class=\"wp-block-heading has-text-align-left has-white-color has-text-color has-large-font-size\">Mes derni\u00e8res ventes<\/h2>\n\n\n\n<figure class=\"wp-block-gallery has-nested-images columns-default is-cropped wp-block-gallery-3 is-layout-flex wp-block-gallery-is-layout-flex\">\n<figure class=\"wp-block-image size-full\"><img loading=\"lazy\" decoding=\"async\" width=\"412\" height=\"581\" data-id=\"192\" src=\"https:\/\/antonio-gentile-rare-books.com\/wp-content\/uploads\/2025\/06\/image-9.png\" alt=\"\" class=\"wp-image-192\" srcset=\"https:\/\/antonio-gentile-rare-books.com\/wp-content\/uploads\/2025\/06\/image-9.png 412w, https:\/\/antonio-gentile-rare-books.com\/wp-content\/uploads\/2025\/06\/image-9-213x300.png 213w\" sizes=\"(max-width: 412px) 100vw, 412px\" \/><figcaption class=\"wp-element-caption\"><strong><a href=\"https:\/\/antonio-gentile-rare-books.com\/index.php\/2025\/06\/24\/zuccari-federico-1540-1609\/\">ZUCCARI Federico (1540? -1609)<\/a><\/strong><\/figcaption><\/figure>\n\n\n\n<figure class=\"wp-block-image size-full\"><img loading=\"lazy\" decoding=\"async\" width=\"462\" height=\"724\" data-id=\"171\" src=\"https:\/\/antonio-gentile-rare-books.com\/wp-content\/uploads\/2025\/06\/image.png\" alt=\"\" class=\"wp-image-171\" srcset=\"https:\/\/antonio-gentile-rare-books.com\/wp-content\/uploads\/2025\/06\/image.png 462w, https:\/\/antonio-gentile-rare-books.com\/wp-content\/uploads\/2025\/06\/image-191x300.png 191w\" sizes=\"(max-width: 462px) 100vw, 462px\" \/><figcaption class=\"wp-element-caption\"><strong><a href=\"https:\/\/antonio-gentile-rare-books.com\/index.php\/2025\/06\/24\/thevet-andre-1516-1592\/\">THEVET Andr\u00e9. (1516-1592)<\/a><\/strong> Consomographie Universelle<\/figcaption><\/figure>\n<\/figure>\n\n\n\n<div style=\"height:var(--wp--preset--spacing--x-large)\" aria-hidden=\"true\" class=\"wp-block-spacer\"><\/div>\n<\/div>\n\n\n\n<div class=\"wp-block-cover alignfull has-parallax is-position-center-center\" style=\"border-radius:0px\"><div class=\"wp-block-cover__image-background wp-image-34 size-large has-parallax\" style=\"background-position:50% 50%;background-image:url(https:\/\/antonio-gentile-rare-books.com\/wp-content\/uploads\/2025\/05\/1-San-Giorgio-e-il-Drago-Paolo-Uccello-1024x579.jpg)\"><\/div><span aria-hidden=\"true\" class=\"wp-block-cover__background has-black-background-color has-background-dim-70 has-background-dim\"><\/span><div class=\"wp-block-cover__inner-container is-layout-flow wp-block-cover-is-layout-flow\">\n<div class=\"wp-block-group has-global-padding is-layout-constrained wp-block-group-is-layout-constrained\">\n<div style=\"height:var(--wp--preset--spacing--large)\" aria-hidden=\"true\" class=\"wp-block-spacer\"><\/div>\n\n\n\n<div style=\"height:32px\" aria-hidden=\"true\" class=\"wp-block-spacer\"><\/div>\n\n\n\n<div style=\"height:31px\" aria-hidden=\"true\" class=\"wp-block-spacer\"><\/div>\n\n\n\n<div class=\"wp-block-columns is-layout-flex wp-container-core-columns-is-layout-28f84493 wp-block-columns-is-layout-flex\">\n<div class=\"wp-block-column is-vertically-aligned-center is-layout-flow wp-block-column-is-layout-flow\">\n<figure class=\"wp-block-image aligncenter size-large is-resized bannerlogoone\"><img loading=\"lazy\" decoding=\"async\" width=\"1024\" height=\"616\" src=\"https:\/\/antonio-gentile-rare-books.com\/wp-content\/uploads\/2025\/05\/logo-slam-1024x616.jpg\" alt=\"\" class=\"wp-image-43\" style=\"aspect-ratio:1.5046296296296295;object-fit:cover;width:217px;height:auto\" srcset=\"https:\/\/antonio-gentile-rare-books.com\/wp-content\/uploads\/2025\/05\/logo-slam-1024x616.jpg 1024w, https:\/\/antonio-gentile-rare-books.com\/wp-content\/uploads\/2025\/05\/logo-slam-300x181.jpg 300w, https:\/\/antonio-gentile-rare-books.com\/wp-content\/uploads\/2025\/05\/logo-slam.jpg 1080w\" sizes=\"(max-width: 1024px) 100vw, 1024px\" \/><\/figure>\n<\/div>\n\n\n\n<div class=\"wp-block-column is-vertically-aligned-center is-layout-flow wp-block-column-is-layout-flow\">\n<div class=\"wp-block-buttons alignfull is-horizontal is-content-justification-center is-layout-flex wp-container-core-buttons-is-layout-03627597 wp-block-buttons-is-layout-flex\">\n<div class=\"wp-block-button is-style-outline is-style-outline--4\"><a class=\"wp-block-button__link has-white-color has-text-color wp-element-button\" href=\"https:\/\/antonio-gentile-rare-books.com\/index.php\/contact\/\" style=\"border-radius:0px;font-style:normal;font-weight:600\"><strong>ME CONTACTER<\/strong><\/a><\/div>\n<\/div>\n<\/div>\n\n\n\n<div class=\"wp-block-column is-vertically-aligned-center is-layout-flow wp-block-column-is-layout-flow\">\n<figure class=\"wp-block-image aligncenter size-full is-resized bannerlogotwo\"><img loading=\"lazy\" decoding=\"async\" width=\"573\" height=\"573\" src=\"https:\/\/antonio-gentile-rare-books.com\/wp-content\/uploads\/2025\/05\/LILA.png\" alt=\"\" class=\"wp-image-41\" style=\"object-fit:cover;width:196px;height:auto\" srcset=\"https:\/\/antonio-gentile-rare-books.com\/wp-content\/uploads\/2025\/05\/LILA.png 573w, https:\/\/antonio-gentile-rare-books.com\/wp-content\/uploads\/2025\/05\/LILA-300x300.png 300w, https:\/\/antonio-gentile-rare-books.com\/wp-content\/uploads\/2025\/05\/LILA-150x150.png 150w\" sizes=\"(max-width: 573px) 100vw, 573px\" \/><\/figure>\n<\/div>\n<\/div>\n\n\n\n<div style=\"height:var(--wp--preset--spacing--large)\" aria-hidden=\"true\" class=\"wp-block-spacer\"><\/div>\n<\/div>\n<\/div><\/div>\n","protected":false},"excerpt":{"rendered":"<p>Les derni\u00e8res nouveaut\u00e9s Antonio gentile Livres anciens Mes derni\u00e8res ventes<\/p>\n","protected":false},"author":1,"featured_media":0,"parent":0,"menu_order":0,"comment_status":"closed","ping_status":"closed","template":"page-templates\/homepage-no-hero.php","meta":{"footnotes":""},"class_list":["post-27","page","type-page","status-publish","hentry"],"featured_media_urls":[],"_links":{"self":[{"href":"https:\/\/antonio-gentile-rare-books.com\/index.php\/wp-json\/wp\/v2\/pages\/27","targetHints":{"allow":["GET"]}}],"collection":[{"href":"https:\/\/antonio-gentile-rare-books.com\/index.php\/wp-json\/wp\/v2\/pages"}],"about":[{"href":"https:\/\/antonio-gentile-rare-books.com\/index.php\/wp-json\/wp\/v2\/types\/page"}],"author":[{"embeddable":true,"href":"https:\/\/antonio-gentile-rare-books.com\/index.php\/wp-json\/wp\/v2\/users\/1"}],"replies":[{"embeddable":true,"href":"https:\/\/antonio-gentile-rare-books.com\/index.php\/wp-json\/wp\/v2\/comments?post=27"}],"version-history":[{"count":22,"href":"https:\/\/antonio-gentile-rare-books.com\/index.php\/wp-json\/wp\/v2\/pages\/27\/revisions"}],"predecessor-version":[{"id":269,"href":"https:\/\/antonio-gentile-rare-books.com\/index.php\/wp-json\/wp\/v2\/pages\/27\/revisions\/269"}],"wp:attachment":[{"href":"https:\/\/antonio-gentile-rare-books.com\/index.php\/wp-json\/wp\/v2\/media?parent=27"}],"curies":[{"name":"wp","href":"https:\/\/api.w.org\/{rel}","templated":true}]}}